{"id":8428,"date":"2026-02-06T18:08:23","date_gmt":"2026-02-06T17:08:23","guid":{"rendered":"https:\/\/sweetlight-controller.com\/refund_returns\/"},"modified":"2026-02-06T18:08:23","modified_gmt":"2026-02-06T17:08:23","slug":"refund_returns","status":"publish","type":"page","link":"https:\/\/sweetlight-controller.com\/pt\/refund_returns\/","title":{"rendered":"Pol\u00edtica de Reembolso e Devolu\u00e7\u00e3o"},"content":{"rendered":"<p><b>Esta \u00e9 uma p\u00e1gina de exemplo.<\/b><\/p>\n\n\n\n<h2 class=\"wp-block-heading\">Vis\u00e3o geral<\/h2>\n\n\n\n<p>Nossa pol\u00edtica de reembolso e devolu\u00e7\u00e3o tem dura\u00e7\u00e3o de 30 dias. Se j\u00e1 se passaram 30 dias desde a sua compra, n\u00e3o podemos oferecer um reembolso total ou uma troca.<\/p>\n\n\n\n<p>Para ser eleg\u00edvel para uma devolu\u00e7\u00e3o, o produto deve estar sem uso e nas mesmas condi\u00e7\u00f5es em que foi recebido. Tamb\u00e9m deve estar na embalagem original.<\/p>\n\n\n\n<p>Diversos tipos de produtos n\u00e3o podem ser devolvidos. Produtos perec\u00edveis, como alimentos, flores, jornais ou revistas, n\u00e3o podem ser devolvidos. Tamb\u00e9m n\u00e3o aceitamos produtos \u00edntimos ou de higiene pessoal, materiais perigosos ou l\u00edquidos ou gases inflam\u00e1veis.<\/p>\n\n\n\n<p>Outros itens n\u00e3o pass\u00edveis de devolu\u00e7\u00e3o:<\/p>\n\n\n\n<ul class=\"wp-block-list\">\n<li>Cart\u00f5es-presente<\/li>\n<li>Produtos de software para download<\/li>\n<li>Alguns itens de sa\u00fade e cuidados pessoais<\/li>\n<\/ul>\n\n\n\n<p>Para concluir sua devolu\u00e7\u00e3o, precisamos do recibo ou comprovante de compra.<\/p>\n\n\n\n<p>Por favor, n\u00e3o envie sua compra de volta ao fabricante.<\/p>\n\n\n\n<p>Existem situa\u00e7\u00f5es espec\u00edficas em que apenas reembolsos parciais s\u00e3o concedidos:<\/p>\n\n\n\n<ul class=\"wp-block-list\">\n<li>Livro com sinais evidentes de uso.<\/li>\n<li>CD, DVD, fita VHS, software, videogame, fita cassete ou disco de vinil que tenha sido aberto.<\/li>\n<li>Qualquer item que n\u00e3o esteja em sua condi\u00e7\u00e3o original, esteja danificado ou com pe\u00e7as faltando por motivos que n\u00e3o sejam de nossa responsabilidade.<\/li>\n<li>Qualquer item devolvido ap\u00f3s 30 dias da entrega.<\/li>\n<\/ul>\n\n\n\n<h2 class=\"wp-block-heading\">Reembolsos<\/h2>\n\n\n\n<p>Assim que recebermos e inspecionarmos sua devolu\u00e7\u00e3o, enviaremos um e-mail para notific\u00e1-lo(a) de que recebemos o item devolvido. Tamb\u00e9m o(a) notificaremos sobre a aprova\u00e7\u00e3o ou rejei\u00e7\u00e3o do seu reembolso.<\/p>\n\n\n\n<p>Se sua solicita\u00e7\u00e3o for aprovada, seu reembolso ser\u00e1 processado e o cr\u00e9dito ser\u00e1 automaticamente aplicado ao seu cart\u00e3o de cr\u00e9dito ou m\u00e9todo de pagamento original dentro de alguns dias.<\/p>\n\n\n\n<h3 class=\"wp-block-heading\">Reembolsos atrasados ou n\u00e3o recebidos<\/h3>\n\n\n\n<p>Se voc\u00ea ainda n\u00e3o recebeu o reembolso, verifique novamente sua conta banc\u00e1ria.<\/p>\n\n\n\n<p>Em seguida, entre em contato com a administradora do seu cart\u00e3o de cr\u00e9dito (company). Pode levar algum tempo at\u00e9 que o reembolso seja processado.<\/p>\n\n\n\n<p>Em seguida, entre em contato com seu banco. Geralmente, h\u00e1 um per\u00edodo de processamento antes que o reembolso seja creditado.<\/p>\n\n\n\n<p>Se voc\u00ea j\u00e1 fez tudo isso e ainda n\u00e3o recebeu seu reembolso, entre em contato conosco pelo endere\u00e7o de e-mail {email address}.<\/p>\n\n\n\n<h3 class=\"wp-block-heading\">Itens em promo\u00e7\u00e3o<\/h3>\n\n\n\n<p>Apenas itens com pre\u00e7o normal podem ser reembolsados. Itens em promo\u00e7\u00e3o n\u00e3o podem ser reembolsados.<\/p>\n\n\n\n<h2 class=\"wp-block-heading\">Trocas<\/h2>\n\n\n\n<p>S\u00f3 substitu\u00edmos artigos se estiverem defeituosos ou danificados. Se precisar de trocar o artigo pelo mesmo produto, envie-nos um e-mail para {email address} e envie o artigo para: {physical address}.<\/p>\n\n\n\n<h2 class=\"wp-block-heading\">Presentes<\/h2>\n\n\n\n<p>Se o item foi marcado como presente no momento da compra e enviado diretamente para voc\u00ea, voc\u00ea receber\u00e1 um cr\u00e9dito no valor da sua devolu\u00e7\u00e3o. Assim que o item devolvido for recebido, um vale-presente ser\u00e1 enviado para o seu endere\u00e7o.<\/p>\n\n\n\n<p>Se o item n\u00e3o foi marcado como presente no momento da compra, ou se quem deu o presente pediu que o pedido fosse enviado para si mesmo para entregar a voc\u00ea posteriormente, enviaremos o reembolso para quem deu o presente e essa pessoa ficar\u00e1 sabendo da sua devolu\u00e7\u00e3o.<\/p>\n\n\n\n<h2 class=\"wp-block-heading\">Devolu\u00e7\u00f5es de envio<\/h2>\n\n\n\n<p>Para devolver o seu produto, envie-o para: {endere\u00e7o f\u00edsico}.<\/p>\n\n\n\n<p>Voc\u00ea ser\u00e1 respons\u00e1vel pelo pagamento dos custos de envio para a devolu\u00e7\u00e3o do seu produto. Os custos de envio n\u00e3o s\u00e3o reembols\u00e1veis. Caso receba um reembolso, o custo do frete de devolu\u00e7\u00e3o ser\u00e1 deduzido do valor reembolsado.<\/p>\n\n\n\n<p>Dependendo de onde voc\u00ea mora, o tempo que seu produto trocado levar\u00e1 para chegar at\u00e9 voc\u00ea pode variar.<\/p>\n\n\n\n<p>Se estiver devolvendo itens mais caros, considere usar um servi\u00e7o de envio rastre\u00e1vel ou contratar um seguro de envio. N\u00e3o garantimos o recebimento do item devolvido.<\/p>\n\n\n\n<h2 class=\"wp-block-heading\">Precisar de ajuda?<\/h2>\n\n\n\n<p>Para d\u00favidas relacionadas a reembolsos e devolu\u00e7\u00f5es, entre em contato conosco pelo e-mail {email}.<\/p>","protected":false},"excerpt":{"rendered":"<p>This is a sample page. Overview Our refund and returns policy lasts 30 days. If 30 days have passed since your purchase, we can\u2019t offer you a full refund or exchange. To be eligible for a return, your item must be unused and in the same condition that you received it. It must also be [&hellip;]<\/p>\n","protected":false},"author":1,"featured_media":0,"parent":0,"menu_order":0,"comment_status":"closed","ping_status":"closed","template":"","meta":{"footnotes":""},"class_list":["post-8428","page","type-page","status-publish","hentry"],"_links":{"self":[{"href":"https:\/\/sweetlight-controller.com\/pt\/wp-json\/wp\/v2\/pages\/8428","targetHints":{"allow":["GET"]}}],"collection":[{"href":"https:\/\/sweetlight-controller.com\/pt\/wp-json\/wp\/v2\/pages"}],"about":[{"href":"https:\/\/sweetlight-controller.com\/pt\/wp-json\/wp\/v2\/types\/page"}],"author":[{"embeddable":true,"href":"https:\/\/sweetlight-controller.com\/pt\/wp-json\/wp\/v2\/users\/1"}],"replies":[{"embeddable":true,"href":"https:\/\/sweetlight-controller.com\/pt\/wp-json\/wp\/v2\/comments?post=8428"}],"version-history":[{"count":0,"href":"https:\/\/sweetlight-controller.com\/pt\/wp-json\/wp\/v2\/pages\/8428\/revisions"}],"wp:attachment":[{"href":"https:\/\/sweetlight-controller.com\/pt\/wp-json\/wp\/v2\/media?parent=8428"}],"curies":[{"name":"wp","href":"https:\/\/api.w.org\/{rel}","templated":true}]}}