{"id":2440,"date":"2025-11-09T20:55:03","date_gmt":"2025-11-09T19:55:03","guid":{"rendered":"https:\/\/sweetlight-controller.com\/Calvin2001New\/?post_type=product&#038;p=2440"},"modified":"2026-02-02T23:29:11","modified_gmt":"2026-02-02T22:29:11","slug":"rack1024","status":"publish","type":"product","link":"https:\/\/sweetlight-controller.com\/fr\/produit\/rack1024\/","title":{"rendered":"Rack1024"},"content":{"rendered":"<p>Le Rack1024 est con\u00e7u pour les installations fixes et les environnements professionnels qui exigent fiabilit\u00e9, stabilit\u00e9 et int\u00e9gration parfaite. Il offre 1024 canaux en sortie DMX dans un format rackable 19\" durable, id\u00e9al pour les clubs, les th\u00e9\u00e2tres et l'\u00e9clairage architectural.<\/p>\n<p>Tout comme le D1024W, le Rack1024 vous permet \u00e9galement de transmettre 1536 canaux Art-Net (3 univers) via le port Ethernet de votre ordinateur.<\/p>\n<p>Fonctions autonomes avanc\u00e9es pour les installations permanentes.<br \/>\nLe Rack1024 int\u00e8gre un puissant moteur autonome, id\u00e9al pour un \u00e9clairage programm\u00e9 dans le temps, automatique ou continu dans des installations permanentes.<br \/>\nVous pouvez enregistrer dans le Rack1024 16 sc\u00e8nes autonomes r\u00e9parties sur 4 zones ind\u00e9pendantes.<br \/>\nCes sc\u00e8nes peuvent \u00eatre d\u00e9clench\u00e9es de plusieurs fa\u00e7ons : 16 boutons situ\u00e9s sur le panneau avant de l'unit\u00e9 mont\u00e9e en rack, le calendrier interne (\u00e9v\u00e9nements programm\u00e9s), la t\u00e9l\u00e9commande infrarouge, les boutons flash externes utilisant le connecteur Phoenix.<\/p>\n<p>Cette flexibilit\u00e9 rend le Rack1024 id\u00e9al pour l'\u00e9clairage architectural, les environnements th\u00e9matiques, les fontaines, les fa\u00e7ades et les installations fixes n\u00e9cessitant un fonctionnement enti\u00e8rement autonome.<\/p>\n<p>Principales caract\u00e9ristiques<br \/>\n- 1024 canaux en sortie DMX<br \/>\n- 1536 canaux Art-Net (via le port Ethernet de l'ordinateur)<br \/>\n- Mode standalone : 16 sc\u00e8nes, 4 zones<br \/>\n- Bo\u00eetier m\u00e9tallique rack 19\"<br \/>\n- Protections \u00e9lectriques sur les sorties DMX<br \/>\n- Id\u00e9al pour des installations fixes et professionnelles<\/p>","protected":false},"excerpt":{"rendered":"<p>Cette interface DMX offre 1024 canaux DMX ou 1536 canaux ArtNet avec des sc\u00e8ne autonome, le tout dans un bo\u00eetier professionnel mont\u00e9 en rack 19\".<\/p>","protected":false},"featured_media":7770,"template":"","meta":[],"product_brand":[],"product_cat":[46],"product_tag":[],"class_list":{"0":"post-2440","1":"product","2":"type-product","3":"status-publish","4":"has-post-thumbnail","6":"product_cat-dmx-interfaces","8":"first","9":"instock","10":"taxable","11":"shipping-taxable","12":"purchasable","13":"product-type-simple"},"_links":{"self":[{"href":"https:\/\/sweetlight-controller.com\/fr\/wp-json\/wp\/v2\/product\/2440","targetHints":{"allow":["GET"]}}],"collection":[{"href":"https:\/\/sweetlight-controller.com\/fr\/wp-json\/wp\/v2\/product"}],"about":[{"href":"https:\/\/sweetlight-controller.com\/fr\/wp-json\/wp\/v2\/types\/product"}],"wp:featuredmedia":[{"embeddable":true,"href":"https:\/\/sweetlight-controller.com\/fr\/wp-json\/wp\/v2\/media\/7770"}],"wp:attachment":[{"href":"https:\/\/sweetlight-controller.com\/fr\/wp-json\/wp\/v2\/media?parent=2440"}],"wp:term":[{"taxonomy":"product_brand","embeddable":true,"href":"https:\/\/sweetlight-controller.com\/fr\/wp-json\/wp\/v2\/product_brand?post=2440"},{"taxonomy":"product_cat","embeddable":true,"href":"https:\/\/sweetlight-controller.com\/fr\/wp-json\/wp\/v2\/product_cat?post=2440"},{"taxonomy":"product_tag","embeddable":true,"href":"https:\/\/sweetlight-controller.com\/fr\/wp-json\/wp\/v2\/product_tag?post=2440"}],"curies":[{"name":"wp","href":"https:\/\/api.w.org\/{rel}","templated":true}]}}