{"id":2438,"date":"2025-11-09T20:54:02","date_gmt":"2025-11-09T19:54:02","guid":{"rendered":"https:\/\/sweetlight-controller.com\/Calvin2001New\/?post_type=product&#038;p=2438"},"modified":"2026-02-09T19:46:11","modified_gmt":"2026-02-09T18:46:11","slug":"d1024w","status":"publish","type":"product","link":"https:\/\/sweetlight-controller.com\/fr\/produit\/d1024w\/","title":{"rendered":"D1024W"},"content":{"rendered":"<p>Le D1024W contr\u00f4le 2 univers DMX et fonctionne ena USB ou en Wi-Fi, ce qui le rend id\u00e9al pour les utilisateurs mobiles et les installations n\u00e9cessitant un contr\u00f4le sans fil.<\/p>\n<p>Il offre des fonctionnalit\u00e9s autonomes avanc\u00e9es, toutes contr\u00f4lables via notre application mobile \u00ab TheLightingController D1024W \u00bb pour Android et iOS.<\/p>\n<p>Utilisez-le avec le logiciel SweetLight pour un contr\u00f4le en direct, ou stockez votre lightshow directement dans l&#039;interface et ex\u00e9cutez-le sans ordinateur.<\/p>\n<p>Le D1024W vous permet \u00e9galement de transmettre 1536 canaux Art-Net (3 univers) via le port Ethernet de votre ordinateur.<\/p>\n<p>Fonctions d'autonomie avanc\u00e9es<br \/>\nLe bo\u00eetier D1024W permet de stocker\u00a0: 16 sc\u00e8nes r\u00e9parties dans 4 zones ind\u00e9pendantes, 4 variateurs d\u2019intensit\u00e9, 4 variateurs de vitesse, 4 roues chromatiques et 2 commandes follow spot.<br \/>\nD\u00e9clenchez ou modifiez ces fonctions autonomes directement depuis l'app D1024W <a href=\"https:\/\/play.google.com\/store\/apps\/details?id=com.easydigitalconcept.D1024W&amp;pli=1\" target=\"_blank\" rel=\"noopener\">Application Android<\/a> ou <a href=\"https:\/\/apps.apple.com\/us\/app\/thelightingcontroller-d1024w\/id6742156836\" target=\"_blank\" rel=\"noopener\">Application iOS<\/a>.<\/p>\n<p>Principales caract\u00e9ristiques<br \/>\n- 1024 canaux en sortie DMX<br \/>\n- 1536 canaux Art-Net (via le port Ethernet de l'ordinateur)<br \/>\n\u2013 Mode autonome\u00a0: 16 sc\u00e8nes, 4 zones, 4 faders principaux, 4 curseurs de vitesse, 4 roues chromatiques, 2 follow spot<br \/>\n- Connexion USB ou Wi-Fi<br \/>\n- Boit\u00eeer m\u00e9tal<br \/>\n- Protections \u00e9lectriques sur les sorties DMX<br \/>\n- Parfait pour un contr\u00f4le des lumi\u00e8res en Wi-Fi<\/p>","protected":false},"excerpt":{"rendered":"<p>Cette interface DMX donne acc\u00e8s \u00e0 1024 canaux DMX ou 1536 canaux ArtNet, et elle fonctionne en USB ou en Wi-Fi.<\/p>","protected":false},"featured_media":7767,"template":"","meta":[],"product_brand":[],"product_cat":[46],"product_tag":[],"class_list":{"0":"post-2438","1":"product","2":"type-product","3":"status-publish","4":"has-post-thumbnail","6":"product_cat-dmx-interfaces","8":"first","9":"instock","10":"taxable","11":"shipping-taxable","12":"purchasable","13":"product-type-simple"},"_links":{"self":[{"href":"https:\/\/sweetlight-controller.com\/fr\/wp-json\/wp\/v2\/product\/2438","targetHints":{"allow":["GET"]}}],"collection":[{"href":"https:\/\/sweetlight-controller.com\/fr\/wp-json\/wp\/v2\/product"}],"about":[{"href":"https:\/\/sweetlight-controller.com\/fr\/wp-json\/wp\/v2\/types\/product"}],"wp:featuredmedia":[{"embeddable":true,"href":"https:\/\/sweetlight-controller.com\/fr\/wp-json\/wp\/v2\/media\/7767"}],"wp:attachment":[{"href":"https:\/\/sweetlight-controller.com\/fr\/wp-json\/wp\/v2\/media?parent=2438"}],"wp:term":[{"taxonomy":"product_brand","embeddable":true,"href":"https:\/\/sweetlight-controller.com\/fr\/wp-json\/wp\/v2\/product_brand?post=2438"},{"taxonomy":"product_cat","embeddable":true,"href":"https:\/\/sweetlight-controller.com\/fr\/wp-json\/wp\/v2\/product_cat?post=2438"},{"taxonomy":"product_tag","embeddable":true,"href":"https:\/\/sweetlight-controller.com\/fr\/wp-json\/wp\/v2\/product_tag?post=2438"}],"curies":[{"name":"wp","href":"https:\/\/api.w.org\/{rel}","templated":true}]}}