{"id":2437,"date":"2025-11-09T20:51:35","date_gmt":"2025-11-09T19:51:35","guid":{"rendered":"https:\/\/sweetlight-controller.com\/Calvin2001New\/?post_type=product&#038;p=2437"},"modified":"2026-02-02T23:26:31","modified_gmt":"2026-02-02T22:26:31","slug":"d512s","status":"publish","type":"product","link":"https:\/\/sweetlight-controller.com\/fr\/produit\/d512s\/","title":{"rendered":"D512S"},"content":{"rendered":"<div id=\"\" class=\"x-text cs-ta-left\">\n<p>Le D512S est l'interface d'entr\u00e9e de gamme id\u00e9ale pour les DJ, les petites salles et les projets architecturaux compacts. Il offre un univers DMX complet de 512 canaux \u00e0 un prix tr\u00e8s abordable, ce qui en fait un excellent rapport qualit\u00e9-prix pour les d\u00e9butants et les utilisateurs mobiles.<\/p>\n<p>En plus du contr\u00f4le USB DMX, le D512S vous permet de piloter jusqu'\u00e0 1024 canaux Art-Net (2 univers) via le port Ethernet de votre ordinateur.<\/p>\n<p>Le D512S int\u00e8gre une fonction autonome de base : vous pouvez enregistrer une sc\u00e8ne qui s'ex\u00e9cutera automatiquement dans l'interface.<br \/>\nCette sc\u00e8ne d\u00e9marre automatiquement d\u00e8s que l'interface n'est plus contr\u00f4l\u00e9e par le logiciel.<br \/>\nIl est id\u00e9al pour maintenir un niveau d&#039;\u00e9clairage minimal actif, par exemple\u00a0: avant le d\u00e9marrage du show, apr\u00e8s l&#039;arr\u00eat du show, pendant la configuration ou lorsque vous souhaitez simplement une lumi\u00e8re de s\u00e9curit\u00e9 sur vos luminaires.<\/p>\n<p>Principales caract\u00e9ristiques<br \/>\n- 512 canaux en sortie DMX<br \/>\n- 1024 canaux Art-Net (via le port Ethernet de l'ordinateur)<br \/>\n- 1 sc\u00e8ne autonome 'auto start'<br \/>\n- Connexion USB<br \/>\n- Boit\u00eeer m\u00e9tal<br \/>\n- Protection \u00e9lectriques aux sorties DMX<br \/>\n- abordable et fiable<\/p>\n<\/div>","protected":false},"excerpt":{"rendered":"<div id=\"\" class=\"x-text cs-ta-left\">\n<p>Cette interface DMX donne acc\u00e8s \u00e0 512 canaux DMX ou 1024 canaux ArtNet.<\/p>\n<\/div>","protected":false},"featured_media":7766,"template":"","meta":[],"product_brand":[],"product_cat":[46],"product_tag":[],"class_list":{"0":"post-2437","1":"product","2":"type-product","3":"status-publish","4":"has-post-thumbnail","6":"product_cat-dmx-interfaces","8":"first","9":"instock","10":"taxable","11":"shipping-taxable","12":"purchasable","13":"product-type-simple"},"_links":{"self":[{"href":"https:\/\/sweetlight-controller.com\/fr\/wp-json\/wp\/v2\/product\/2437","targetHints":{"allow":["GET"]}}],"collection":[{"href":"https:\/\/sweetlight-controller.com\/fr\/wp-json\/wp\/v2\/product"}],"about":[{"href":"https:\/\/sweetlight-controller.com\/fr\/wp-json\/wp\/v2\/types\/product"}],"wp:featuredmedia":[{"embeddable":true,"href":"https:\/\/sweetlight-controller.com\/fr\/wp-json\/wp\/v2\/media\/7766"}],"wp:attachment":[{"href":"https:\/\/sweetlight-controller.com\/fr\/wp-json\/wp\/v2\/media?parent=2437"}],"wp:term":[{"taxonomy":"product_brand","embeddable":true,"href":"https:\/\/sweetlight-controller.com\/fr\/wp-json\/wp\/v2\/product_brand?post=2437"},{"taxonomy":"product_cat","embeddable":true,"href":"https:\/\/sweetlight-controller.com\/fr\/wp-json\/wp\/v2\/product_cat?post=2437"},{"taxonomy":"product_tag","embeddable":true,"href":"https:\/\/sweetlight-controller.com\/fr\/wp-json\/wp\/v2\/product_tag?post=2437"}],"curies":[{"name":"wp","href":"https:\/\/api.w.org\/{rel}","templated":true}]}}