{"id":8428,"date":"2026-02-06T18:08:23","date_gmt":"2026-02-06T17:08:23","guid":{"rendered":"https:\/\/sweetlight-controller.com\/refund_returns\/"},"modified":"2026-02-06T18:08:23","modified_gmt":"2026-02-06T17:08:23","slug":"refund_returns","status":"publish","type":"page","link":"https:\/\/sweetlight-controller.com\/fr\/refund_returns\/","title":{"rendered":"Politique de remboursement et de retour"},"content":{"rendered":"<p><b>Ceci est une page d&#039;exemple.<\/b><\/p>\n\n\n\n<h2 class=\"wp-block-heading\">Aper\u00e7u<\/h2>\n\n\n\n<p>Notre politique de remboursement et de retour est valable 30 jours. Pass\u00e9 ce d\u00e9lai, nous ne pouvons malheureusement pas vous proposer de remboursement int\u00e9gral ni d&#039;\u00e9change.<\/p>\n\n\n\n<p>Pour \u00eatre admissible \u00e0 un retour, votre article doit \u00eatre inutilis\u00e9 et dans le m\u00eame \u00e9tat que lors de sa r\u00e9ception. Il doit \u00e9galement \u00eatre dans son emballage d&#039;origine.<\/p>\n\n\n\n<p>Certains articles ne peuvent \u00eatre retourn\u00e9s. Les denr\u00e9es p\u00e9rissables comme les aliments, les fleurs, les journaux et les magazines ne sont pas accept\u00e9s. Nous n&#039;acceptons pas non plus les produits d&#039;hygi\u00e8ne intime, les mati\u00e8res dangereuses, ni les liquides ou gaz inflammables.<\/p>\n\n\n\n<p>Articles suppl\u00e9mentaires non retournables\u00a0:<\/p>\n\n\n\n<ul class=\"wp-block-list\">\n<li>cartes-cadeaux<\/li>\n<li>Logiciels t\u00e9l\u00e9chargeables<\/li>\n<li>Certains articles de sant\u00e9 et de soins personnels<\/li>\n<\/ul>\n\n\n\n<p>Pour finaliser votre retour, nous avons besoin d&#039;un re\u00e7u ou d&#039;une preuve d&#039;achat.<\/p>\n\n\n\n<p>Veuillez ne pas renvoyer votre achat au fabricant.<\/p>\n\n\n\n<p>Dans certaines situations, seuls des remboursements partiels sont accord\u00e9s\u00a0:<\/p>\n\n\n\n<ul class=\"wp-block-list\">\n<li>Livre pr\u00e9sentant des signes \u00e9vidents d&#039;utilisation<\/li>\n<li>CD, DVD, cassette VHS, logiciel, jeu vid\u00e9o, cassette audio ou disque vinyle qui a \u00e9t\u00e9 ouvert.<\/li>\n<li>Tout article qui n&#039;est pas dans son \u00e9tat d&#039;origine, qui est endommag\u00e9 ou dont il manque des pi\u00e8ces pour des raisons qui ne sont pas dues \u00e0 notre erreur.<\/li>\n<li>Tout article retourn\u00e9 plus de 30 jours apr\u00e8s la livraison<\/li>\n<\/ul>\n\n\n\n<h2 class=\"wp-block-heading\">Remboursements<\/h2>\n\n\n\n<p>Une fois votre retour re\u00e7u et inspect\u00e9, nous vous enverrons un courriel pour vous confirmer sa r\u00e9ception. Nous vous informerons \u00e9galement de l&#039;acceptation ou du refus de votre remboursement.<\/p>\n\n\n\n<p>Si votre demande est approuv\u00e9e, votre remboursement sera trait\u00e9 et un cr\u00e9dit sera automatiquement appliqu\u00e9 \u00e0 votre carte de cr\u00e9dit ou \u00e0 votre mode de paiement initial, dans un d\u00e9lai de quelques jours.<\/p>\n\n\n\n<h3 class=\"wp-block-heading\">Remboursements tardifs ou manquants<\/h3>\n\n\n\n<p>Si vous n&#039;avez pas encore re\u00e7u de remboursement, veuillez d&#039;abord v\u00e9rifier \u00e0 nouveau votre compte bancaire.<\/p>\n\n\n\n<p>Contactez ensuite votre banque (company), il faudra peut-\u00eatre un certain temps avant que votre remboursement ne soit officiellement enregistr\u00e9.<\/p>\n\n\n\n<p>Contactez ensuite votre banque. Un d\u00e9lai de traitement est souvent n\u00e9cessaire avant qu&#039;un remboursement ne soit effectu\u00e9.<\/p>\n\n\n\n<p>Si vous avez effectu\u00e9 toutes ces d\u00e9marches et que vous n&#039;avez toujours pas re\u00e7u votre remboursement, veuillez nous contacter \u00e0 l&#039;adresse {email address}.<\/p>\n\n\n\n<h3 class=\"wp-block-heading\">Articles en solde<\/h3>\n\n\n\n<p>Seuls les articles \u00e0 prix r\u00e9gulier peuvent \u00eatre rembours\u00e9s. Les articles en solde ne sont pas remboursables.<\/p>\n\n\n\n<h2 class=\"wp-block-heading\">\u00c9changes<\/h2>\n\n\n\n<p>Nous rempla\u00e7ons uniquement les articles d\u00e9fectueux ou endommag\u00e9s. Si vous souhaitez un \u00e9change, veuillez nous envoyer un courriel \u00e0 {email address} et nous retourner l&#039;article \u00e0 l&#039;adresse suivante\u00a0: {physical address}.<\/p>\n\n\n\n<h2 class=\"wp-block-heading\">Cadeaux<\/h2>\n\n\n\n<p>Si l&#039;article a \u00e9t\u00e9 marqu\u00e9 comme cadeau lors de l&#039;achat et exp\u00e9di\u00e9 directement \u00e0 votre adresse, vous recevrez un avoir cadeau correspondant \u00e0 la valeur de votre retour. D\u00e8s r\u00e9ception de l&#039;article retourn\u00e9, un ch\u00e8que-cadeau vous sera envoy\u00e9 par courrier.<\/p>\n\n\n\n<p>Si l&#039;article n&#039;a pas \u00e9t\u00e9 marqu\u00e9 comme cadeau lors de l&#039;achat, ou si la personne qui vous l&#039;a offert a fait exp\u00e9dier la commande \u00e0 son adresse pour vous la remettre plus tard, nous rembourserons cette personne et elle sera inform\u00e9e de votre retour.<\/p>\n\n\n\n<h2 class=\"wp-block-heading\">Retours d&#039;exp\u00e9dition<\/h2>\n\n\n\n<p>Pour retourner votre produit, vous devez l&#039;envoyer par la poste \u00e0 l&#039;adresse suivante : {adresse physique}.<\/p>\n\n\n\n<p>Les frais de retour sont \u00e0 votre charge et ne sont pas remboursables. Si vous recevez un remboursement, les frais de retour seront d\u00e9duits de ce dernier.<\/p>\n\n\n\n<p>Le d\u00e9lai de livraison de votre produit \u00e9chang\u00e9 peut varier en fonction de votre lieu de r\u00e9sidence.<\/p>\n\n\n\n<p>Si vous retournez des articles de valeur, nous vous recommandons d&#039;utiliser un service d&#039;exp\u00e9dition avec suivi ou de souscrire une assurance d&#039;exp\u00e9dition. Nous ne pouvons garantir la r\u00e9ception de votre article retourn\u00e9.<\/p>\n\n\n\n<h2 class=\"wp-block-heading\">Besoin d&#039;aide ?<\/h2>\n\n\n\n<p>Pour toute question relative aux remboursements et aux retours, veuillez nous contacter \u00e0 l&#039;adresse {email}.<\/p>","protected":false},"excerpt":{"rendered":"<p>This is a sample page. Overview Our refund and returns policy lasts 30 days. If 30 days have passed since your purchase, we can\u2019t offer you a full refund or exchange. To be eligible for a return, your item must be unused and in the same condition that you received it. It must also be [&hellip;]<\/p>\n","protected":false},"author":1,"featured_media":0,"parent":0,"menu_order":0,"comment_status":"closed","ping_status":"closed","template":"","meta":{"footnotes":""},"class_list":["post-8428","page","type-page","status-publish","hentry"],"_links":{"self":[{"href":"https:\/\/sweetlight-controller.com\/fr\/wp-json\/wp\/v2\/pages\/8428","targetHints":{"allow":["GET"]}}],"collection":[{"href":"https:\/\/sweetlight-controller.com\/fr\/wp-json\/wp\/v2\/pages"}],"about":[{"href":"https:\/\/sweetlight-controller.com\/fr\/wp-json\/wp\/v2\/types\/page"}],"author":[{"embeddable":true,"href":"https:\/\/sweetlight-controller.com\/fr\/wp-json\/wp\/v2\/users\/1"}],"replies":[{"embeddable":true,"href":"https:\/\/sweetlight-controller.com\/fr\/wp-json\/wp\/v2\/comments?post=8428"}],"version-history":[{"count":0,"href":"https:\/\/sweetlight-controller.com\/fr\/wp-json\/wp\/v2\/pages\/8428\/revisions"}],"wp:attachment":[{"href":"https:\/\/sweetlight-controller.com\/fr\/wp-json\/wp\/v2\/media?parent=8428"}],"curies":[{"name":"wp","href":"https:\/\/api.w.org\/{rel}","templated":true}]}}