{"id":4341,"date":"2025-12-06T19:55:29","date_gmt":"2025-12-06T18:55:29","guid":{"rendered":"https:\/\/sweetlight-controller.com\/Calvin2001New\/?page_id=4341"},"modified":"2026-02-10T19:19:49","modified_gmt":"2026-02-10T18:19:49","slug":"company-team","status":"publish","type":"page","link":"https:\/\/sweetlight-controller.com\/fr\/company-team\/","title":{"rendered":"Equipe"},"content":{"rendered":"<div data-elementor-type=\"wp-page\" data-elementor-id=\"4341\" class=\"elementor elementor-4341\" data-elementor-post-type=\"page\">\n\t\t\t\t<div class=\"elementor-element elementor-element-15ad42d e-flex e-con-boxed e-con e-parent\" data-id=\"15ad42d\" data-element_type=\"container\" data-e-type=\"container\" data-settings=\"{&quot;background_background&quot;:&quot;classic&quot;}\">\n\t\t\t\t\t<div class=\"e-con-inner\">\n\t\t\t\t<div class=\"elementor-element elementor-element-589bd20 elementor-widget elementor-widget-spacer\" data-id=\"589bd20\" data-element_type=\"widget\" data-e-type=\"widget\" data-widget_type=\"spacer.default\">\n\t\t\t\t\t\t\t<div class=\"elementor-spacer\">\n\t\t\t<div class=\"elementor-spacer-inner\"><\/div>\n\t\t<\/div>\n\t\t\t\t\t\t<\/div>\n\t\t<div class=\"elementor-element elementor-element-67e03f5 e-con-full e-flex e-con e-child\" data-id=\"67e03f5\" data-element_type=\"container\" data-e-type=\"container\" data-settings=\"{&quot;background_background&quot;:&quot;classic&quot;}\">\n\t\t\t\t<div class=\"elementor-element elementor-element-b807442 elementor-widget elementor-widget-heading\" data-id=\"b807442\" data-element_type=\"widget\" data-e-type=\"widget\" data-widget_type=\"heading.default\">\n\t\t\t\t\t<h1 class=\"elementor-heading-title elementor-size-default\">L'\u00e9quipe SweetLight<\/h1>\t\t\t\t<\/div>\n\t\t\t\t<div class=\"elementor-element elementor-element-8697617 elementor-widget elementor-widget-heading\" data-id=\"8697617\" data-element_type=\"widget\" data-e-type=\"widget\" data-widget_type=\"heading.default\">\n\t\t\t\t\t<h2 class=\"elementor-heading-title elementor-size-default\">Partageant la m\u00eame passion depuis des d\u00e9cennies.\n<\/h2>\t\t\t\t<\/div>\n\t\t\t\t<\/div>\n\t\t\t\t<div class=\"elementor-element elementor-element-912f134 elementor-widget elementor-widget-spacer\" data-id=\"912f134\" data-element_type=\"widget\" data-e-type=\"widget\" data-widget_type=\"spacer.default\">\n\t\t\t\t\t\t\t<div class=\"elementor-spacer\">\n\t\t\t<div class=\"elementor-spacer-inner\"><\/div>\n\t\t<\/div>\n\t\t\t\t\t\t<\/div>\n\t\t\t\t\t<\/div>\n\t\t\t\t<\/div>\n\t\t<div class=\"elementor-element elementor-element-0cbf90d e-flex e-con-boxed e-con e-parent\" data-id=\"0cbf90d\" data-element_type=\"container\" data-e-type=\"container\">\n\t\t\t\t\t<div class=\"e-con-inner\">\n\t\t\t\t<div class=\"elementor-element elementor-element-ddb2100 elementor-widget elementor-widget-spacer\" data-id=\"ddb2100\" data-element_type=\"widget\" data-e-type=\"widget\" data-widget_type=\"spacer.default\">\n\t\t\t\t\t\t\t<div class=\"elementor-spacer\">\n\t\t\t<div class=\"elementor-spacer-inner\"><\/div>\n\t\t<\/div>\n\t\t\t\t\t\t<\/div>\n\t\t\t\t\t<\/div>\n\t\t\t\t<\/div>\n\t\t<div class=\"elementor-element elementor-element-a272dfd e-grid e-con-boxed e-con e-parent\" data-id=\"a272dfd\" data-element_type=\"container\" data-e-type=\"container\">\n\t\t\t\t\t<div class=\"e-con-inner\">\n\t\t\t\t<div class=\"elementor-element elementor-element-fb2d8b4 elementor-widget elementor-widget-image\" data-id=\"fb2d8b4\" data-element_type=\"widget\" data-e-type=\"widget\" data-widget_type=\"image.default\">\n\t\t\t\t\t\t\t\t\t\t\t\t\t\t\t<img decoding=\"async\" src=\"https:\/\/sweetlight-controller.com\/wp-content\/uploads\/elementor\/thumbs\/Team_Eric-rgj1a0c4p024814ifnu1yfyx63rt97y8hj547xskik.jpg\" title=\"\u00c9quipe_Eric\" alt=\"Team_Eric\" loading=\"lazy\" \/>\t\t\t\t\t\t\t\t\t\t\t\t\t\t\t<\/div>\n\t\t\t\t<div class=\"elementor-element elementor-element-f335846 elementor-widget elementor-widget-text-editor\" data-id=\"f335846\" data-element_type=\"widget\" data-e-type=\"widget\" data-widget_type=\"text-editor.default\">\n\t\t\t\t\t\t\t\t\t<h2>Eric<\/h2><ul><li>Directeur g\u00e9n\u00e9ral<\/li><li>A fond\u00e9 SweetLight en 1989<\/li><\/ul>\t\t\t\t\t\t\t\t<\/div>\n\t\t\t\t<div class=\"elementor-element elementor-element-040b4f2 elementor-widget elementor-widget-image\" data-id=\"040b4f2\" data-element_type=\"widget\" data-e-type=\"widget\" data-widget_type=\"image.default\">\n\t\t\t\t\t\t\t\t\t\t\t\t\t\t\t<img decoding=\"async\" src=\"https:\/\/sweetlight-controller.com\/wp-content\/uploads\/elementor\/thumbs\/Team_Nicolas-rgj1k35tz1uspihhl0o1oweugu3hsdymjeyjgqulss.jpg\" title=\"\u00c9quipe_Nicolas\" alt=\"Team_Nicolas\" loading=\"lazy\" \/>\t\t\t\t\t\t\t\t\t\t\t\t\t\t\t<\/div>\n\t\t\t\t<div class=\"elementor-element elementor-element-46c6f9c elementor-widget elementor-widget-text-editor\" data-id=\"46c6f9c\" data-element_type=\"widget\" data-e-type=\"widget\" data-widget_type=\"text-editor.default\">\n\t\t\t\t\t\t\t\t\t<h2>Nicolas<\/h2><ul><li>Ing\u00e9nieur logiciel<\/li><li>Dans l\u2019\u00e9quipe SweetLight depuis 2002<\/li><\/ul>\t\t\t\t\t\t\t\t<\/div>\n\t\t\t\t<div class=\"elementor-element elementor-element-20eae7a elementor-widget elementor-widget-image\" data-id=\"20eae7a\" data-element_type=\"widget\" data-e-type=\"widget\" data-widget_type=\"image.default\">\n\t\t\t\t\t\t\t\t\t\t\t\t\t\t\t<img decoding=\"async\" src=\"https:\/\/sweetlight-controller.com\/wp-content\/uploads\/elementor\/thumbs\/Team_Mark-rgj1qfkm3sjh2r9pj9ee0srutgtoqu5eethj2zfxss.jpg\" title=\"\u00c9quipe_Mark\" alt=\"Team_Mark\" loading=\"lazy\" \/>\t\t\t\t\t\t\t\t\t\t\t\t\t\t\t<\/div>\n\t\t\t\t<div class=\"elementor-element elementor-element-a8d7fa0 elementor-widget elementor-widget-text-editor\" data-id=\"a8d7fa0\" data-element_type=\"widget\" data-e-type=\"widget\" data-widget_type=\"text-editor.default\">\n\t\t\t\t\t\t\t\t\t<h2>Mark<\/h2><ul><li>Ing\u00e9nieur syst\u00e8mes embarqu\u00e9s<\/li><li>Dans l\u2019\u00e9quipe SweetLight depuis 2005<\/li><\/ul>\t\t\t\t\t\t\t\t<\/div>\n\t\t\t\t<div class=\"elementor-element elementor-element-5d44799 elementor-widget elementor-widget-image\" data-id=\"5d44799\" data-element_type=\"widget\" data-e-type=\"widget\" data-widget_type=\"image.default\">\n\t\t\t\t\t\t\t\t\t\t\t\t\t\t\t<img decoding=\"async\" src=\"https:\/\/sweetlight-controller.com\/wp-content\/uploads\/elementor\/thumbs\/Team_Stephane-rgj1t0mmwe2v05ijfvmgdnahmm30wvetrm2lldlyos.jpg\" title=\"\u00c9quipe_Stephane\" alt=\"Team_Stephane\" loading=\"lazy\" \/>\t\t\t\t\t\t\t\t\t\t\t\t\t\t\t<\/div>\n\t\t\t\t<div class=\"elementor-element elementor-element-32341b3 elementor-widget elementor-widget-text-editor\" data-id=\"32341b3\" data-element_type=\"widget\" data-e-type=\"widget\" data-widget_type=\"text-editor.default\">\n\t\t\t\t\t\t\t\t\t<h2>Stephane<\/h2><ul><li>Support client<\/li><li>Dans l\u2019\u00e9quipe SweetLight depuis 1989<\/li><\/ul>\t\t\t\t\t\t\t\t<\/div>\n\t\t\t\t<div class=\"elementor-element elementor-element-4165460 elementor-widget elementor-widget-image\" data-id=\"4165460\" data-element_type=\"widget\" data-e-type=\"widget\" data-widget_type=\"image.default\">\n\t\t\t\t\t\t\t\t\t\t\t\t\t\t\t<img decoding=\"async\" src=\"https:\/\/sweetlight-controller.com\/wp-content\/uploads\/elementor\/thumbs\/Team_Calvin-rio6jmoez1cykm8qzrmv4xh63l39ox1yclvm541qe4.jpg\" title=\"\u00c9quipe_Calvin\" alt=\"Team_Calvin\" loading=\"lazy\" \/>\t\t\t\t\t\t\t\t\t\t\t\t\t\t\t<\/div>\n\t\t\t\t<div class=\"elementor-element elementor-element-9f852c3 elementor-widget elementor-widget-text-editor\" data-id=\"9f852c3\" data-element_type=\"widget\" data-e-type=\"widget\" data-widget_type=\"text-editor.default\">\n\t\t\t\t\t\t\t\t\t<h2>Calvin<\/h2><ul><li>Responsable web &amp; social media<\/li><li>Membre de l&#039;\u00e9quipe SweetLight depuis 2024<\/li><\/ul>\t\t\t\t\t\t\t\t<\/div>\n\t\t\t\t\t<\/div>\n\t\t\t\t<\/div>\n\t\t<div class=\"elementor-element elementor-element-8d9d376 e-flex e-con-boxed e-con e-parent\" data-id=\"8d9d376\" data-element_type=\"container\" data-e-type=\"container\">\n\t\t\t\t\t<div class=\"e-con-inner\">\n\t\t\t\t<div class=\"elementor-element elementor-element-4a76716 elementor-widget elementor-widget-spacer\" data-id=\"4a76716\" data-element_type=\"widget\" data-e-type=\"widget\" data-widget_type=\"spacer.default\">\n\t\t\t\t\t\t\t<div class=\"elementor-spacer\">\n\t\t\t<div class=\"elementor-spacer-inner\"><\/div>\n\t\t<\/div>\n\t\t\t\t\t\t<\/div>\n\t\t\t\t\t<\/div>\n\t\t\t\t<\/div>\n\t\t\t\t<\/div>","protected":false},"excerpt":{"rendered":"<p>L&#039;\u00e9quipe SweetLight : Une passion commune depuis des d\u00e9cennies. Eric : Directeur g\u00e9n\u00e9ral. A fond\u00e9 SweetLight en 1989. Nicolas : Ing\u00e9nieur logiciel. Membre de l&#039;\u00e9quipe SweetLight depuis 2002. Mark : Ing\u00e9nieur syst\u00e8mes embarqu\u00e9s. Membre de l&#039;\u00e9quipe SweetLight depuis 2005. Stephane : Client. Support : Membre de l&#039;\u00e9quipe SweetLight depuis 1989. Calvin : Responsable web et r\u00e9seaux sociaux. Membre de l&#039;\u00e9quipe SweetLight depuis 2024.<\/p>","protected":false},"author":1,"featured_media":0,"parent":0,"menu_order":0,"comment_status":"closed","ping_status":"closed","template":"","meta":{"footnotes":""},"class_list":["post-4341","page","type-page","status-publish","hentry"],"_links":{"self":[{"href":"https:\/\/sweetlight-controller.com\/fr\/wp-json\/wp\/v2\/pages\/4341","targetHints":{"allow":["GET"]}}],"collection":[{"href":"https:\/\/sweetlight-controller.com\/fr\/wp-json\/wp\/v2\/pages"}],"about":[{"href":"https:\/\/sweetlight-controller.com\/fr\/wp-json\/wp\/v2\/types\/page"}],"author":[{"embeddable":true,"href":"https:\/\/sweetlight-controller.com\/fr\/wp-json\/wp\/v2\/users\/1"}],"replies":[{"embeddable":true,"href":"https:\/\/sweetlight-controller.com\/fr\/wp-json\/wp\/v2\/comments?post=4341"}],"version-history":[{"count":129,"href":"https:\/\/sweetlight-controller.com\/fr\/wp-json\/wp\/v2\/pages\/4341\/revisions"}],"predecessor-version":[{"id":8742,"href":"https:\/\/sweetlight-controller.com\/fr\/wp-json\/wp\/v2\/pages\/4341\/revisions\/8742"}],"wp:attachment":[{"href":"https:\/\/sweetlight-controller.com\/fr\/wp-json\/wp\/v2\/media?parent=4341"}],"curies":[{"name":"wp","href":"https:\/\/api.w.org\/{rel}","templated":true}]}}