{"id":1114,"date":"2025-10-25T18:27:27","date_gmt":"2025-10-25T16:27:27","guid":{"rendered":"https:\/\/sweetlight-controller.com\/Calvin2001New\/?page_id=1114"},"modified":"2026-02-10T19:14:13","modified_gmt":"2026-02-10T18:14:13","slug":"company-history","status":"publish","type":"page","link":"https:\/\/sweetlight-controller.com\/fr\/company-history\/","title":{"rendered":"Company \u2013 Historique"},"content":{"rendered":"<div data-elementor-type=\"wp-page\" data-elementor-id=\"1114\" class=\"elementor elementor-1114\" data-elementor-post-type=\"page\">\n\t\t\t\t<div class=\"elementor-element elementor-element-15ad42d e-flex e-con-boxed e-con e-parent\" data-id=\"15ad42d\" data-element_type=\"container\" data-e-type=\"container\" data-settings=\"{&quot;background_background&quot;:&quot;classic&quot;}\">\n\t\t\t\t\t<div class=\"e-con-inner\">\n\t\t<div class=\"elementor-element elementor-element-67e03f5 e-con-full e-flex e-con e-child\" data-id=\"67e03f5\" data-element_type=\"container\" data-e-type=\"container\">\n\t\t\t\t<div class=\"elementor-element elementor-element-23127eb elementor-widget elementor-widget-spacer\" data-id=\"23127eb\" data-element_type=\"widget\" data-e-type=\"widget\" data-widget_type=\"spacer.default\">\n\t\t\t\t\t\t\t<div class=\"elementor-spacer\">\n\t\t\t<div class=\"elementor-spacer-inner\"><\/div>\n\t\t<\/div>\n\t\t\t\t\t\t<\/div>\n\t\t\t\t<div class=\"elementor-element elementor-element-e5ffac3 elementor-widget elementor-widget-heading\" data-id=\"e5ffac3\" data-element_type=\"widget\" data-e-type=\"widget\" data-widget_type=\"heading.default\">\n\t\t\t\t\t<h1 class=\"elementor-heading-title elementor-size-default\">SweetLight - notre histoire<\/h1>\t\t\t\t<\/div>\n\t\t\t\t<div class=\"elementor-element elementor-element-3a606b8 elementor-widget__width-initial elementor-widget elementor-widget-heading\" data-id=\"3a606b8\" data-element_type=\"widget\" data-e-type=\"widget\" data-widget_type=\"heading.default\">\n\t\t\t\t\t<h4 class=\"elementor-heading-title elementor-size-default\">Nous \u00e9tions des \u00e9tudiants avec un peu d'\u00e9quipements d'\u00e9clairage et de sonorisation, et nous avons commenc\u00e9 \u00e0 organiser des mariages pour gagner un peu d'argent. Notre v\u00e9ritable passion, cependant, \u00e9tait la programmation informatique et la conception \u00e9lectronique.<\/h4>\t\t\t\t<\/div>\n\t\t\t\t<div class=\"elementor-element elementor-element-c289629 elementor-widget elementor-widget-spacer\" data-id=\"c289629\" data-element_type=\"widget\" data-e-type=\"widget\" data-widget_type=\"spacer.default\">\n\t\t\t\t\t\t\t<div class=\"elementor-spacer\">\n\t\t\t<div class=\"elementor-spacer-inner\"><\/div>\n\t\t<\/div>\n\t\t\t\t\t\t<\/div>\n\t\t\t\t<\/div>\n\t\t\t\t\t<\/div>\n\t\t\t\t<\/div>\n\t\t<div class=\"elementor-element elementor-element-5b9008c e-flex e-con-boxed e-con e-parent\" data-id=\"5b9008c\" data-element_type=\"container\" data-e-type=\"container\" data-settings=\"{&quot;background_background&quot;:&quot;classic&quot;}\">\n\t\t\t\t\t<div class=\"e-con-inner\">\n\t\t<div class=\"elementor-element elementor-element-4d866bb e-con-full e-flex e-con e-child\" data-id=\"4d866bb\" data-element_type=\"container\" data-e-type=\"container\">\n\t\t<div class=\"elementor-element elementor-element-69c9eef e-con-full e-flex e-con e-child\" data-id=\"69c9eef\" data-element_type=\"container\" data-e-type=\"container\">\n\t\t<div class=\"elementor-element elementor-element-ef5fd83 e-con-full e-flex e-con e-child\" data-id=\"ef5fd83\" data-element_type=\"container\" data-e-type=\"container\">\n\t\t\t\t<div class=\"elementor-element elementor-element-0b6f258 elementor-widget elementor-widget-heading\" data-id=\"0b6f258\" data-element_type=\"widget\" data-e-type=\"widget\" data-widget_type=\"heading.default\">\n\t\t\t\t\t<h2 class=\"elementor-heading-title elementor-size-default\">1989 - 0 \u00e0 10 Volts<\/h2>\t\t\t\t<\/div>\n\t\t\t\t<div class=\"elementor-element elementor-element-48adb98 elementor-widget elementor-widget-text-editor\" data-id=\"48adb98\" data-element_type=\"widget\" data-e-type=\"widget\" data-widget_type=\"text-editor.default\">\n\t\t\t\t\t\t\t\t\t<p>Le premier ordinateur multit\u00e2che arrive \u2013 le Commodore Amiga, capable de v\u00e9ritable multit\u00e2che avec seulement 256 Ko de RAM.<br \/>Avec cette machine exceptionnelle, nous concevons nos premiers circuits imprim\u00e9s dot\u00e9s de sorties 0 -10V pour contr\u00f4ler notre \u00e9quipement d\u2019\u00e9clairage.<\/p>\t\t\t\t\t\t\t\t<\/div>\n\t\t\t\t<\/div>\n\t\t\t\t<\/div>\n\t\t<div class=\"elementor-element elementor-element-7930b11 e-con-full e-flex e-con e-child\" data-id=\"7930b11\" data-element_type=\"container\" data-e-type=\"container\">\n\t\t\t\t<div class=\"elementor-element elementor-element-afdafa2 elementor-widget elementor-widget-image\" data-id=\"afdafa2\" data-element_type=\"widget\" data-e-type=\"widget\" data-widget_type=\"image.default\">\n\t\t\t\t\t\t\t\t\t\t\t\t\t\t\t<img decoding=\"async\" width=\"200\" height=\"200\" src=\"https:\/\/sweetlight-controller.com\/wp-content\/uploads\/2025\/12\/history_1989.png\" class=\"attachment-medium size-medium wp-image-4043\" alt=\"\" srcset=\"https:\/\/sweetlight-controller.com\/wp-content\/uploads\/2025\/12\/history_1989.png 200w, https:\/\/sweetlight-controller.com\/wp-content\/uploads\/2025\/12\/history_1989-150x150.png 150w, https:\/\/sweetlight-controller.com\/wp-content\/uploads\/2025\/12\/history_1989-100x100.png 100w\" sizes=\"(max-width: 200px) 100vw, 200px\" \/>\t\t\t\t\t\t\t\t\t\t\t\t\t\t\t<\/div>\n\t\t\t\t<\/div>\n\t\t\t\t<\/div>\n\t\t\t\t\t<\/div>\n\t\t\t\t<\/div>\n\t\t<div class=\"elementor-element elementor-element-b485d7e e-flex e-con-boxed e-con e-parent\" data-id=\"b485d7e\" data-element_type=\"container\" data-e-type=\"container\" data-settings=\"{&quot;background_background&quot;:&quot;classic&quot;}\">\n\t\t\t\t\t<div class=\"e-con-inner\">\n\t\t<div class=\"elementor-element elementor-element-a9586a4 e-con-full reverse-portrait e-flex e-con e-child\" data-id=\"a9586a4\" data-element_type=\"container\" data-e-type=\"container\" data-settings=\"{&quot;background_background&quot;:&quot;classic&quot;}\">\n\t\t<div class=\"elementor-element elementor-element-a54d299 e-con-full e-flex e-con e-child\" data-id=\"a54d299\" data-element_type=\"container\" data-e-type=\"container\">\n\t\t\t\t<div class=\"elementor-element elementor-element-3e7eb1a elementor-widget elementor-widget-image\" data-id=\"3e7eb1a\" data-element_type=\"widget\" data-e-type=\"widget\" data-widget_type=\"image.default\">\n\t\t\t\t\t\t\t\t\t\t\t\t\t\t\t<img decoding=\"async\" width=\"200\" height=\"200\" src=\"https:\/\/sweetlight-controller.com\/wp-content\/uploads\/2025\/12\/history_1994.png\" class=\"attachment-medium size-medium wp-image-4044\" alt=\"\" srcset=\"https:\/\/sweetlight-controller.com\/wp-content\/uploads\/2025\/12\/history_1994.png 200w, https:\/\/sweetlight-controller.com\/wp-content\/uploads\/2025\/12\/history_1994-150x150.png 150w, https:\/\/sweetlight-controller.com\/wp-content\/uploads\/2025\/12\/history_1994-100x100.png 100w\" sizes=\"(max-width: 200px) 100vw, 200px\" \/>\t\t\t\t\t\t\t\t\t\t\t\t\t\t\t<\/div>\n\t\t\t\t<\/div>\n\t\t<div class=\"elementor-element elementor-element-e8e0301 e-con-full e-flex e-con e-child\" data-id=\"e8e0301\" data-element_type=\"container\" data-e-type=\"container\">\n\t\t<div class=\"elementor-element elementor-element-2099de8 e-con-full e-flex e-con e-child\" data-id=\"2099de8\" data-element_type=\"container\" data-e-type=\"container\">\n\t\t\t\t<div class=\"elementor-element elementor-element-32fe761 elementor-widget elementor-widget-heading\" data-id=\"32fe761\" data-element_type=\"widget\" data-e-type=\"widget\" data-widget_type=\"heading.default\">\n\t\t\t\t\t<h2 class=\"elementor-heading-title elementor-size-default\">1994 - DMX512<\/h2>\t\t\t\t<\/div>\n\t\t\t\t<div class=\"elementor-element elementor-element-c7af04b elementor-widget elementor-widget-text-editor\" data-id=\"c7af04b\" data-element_type=\"widget\" data-e-type=\"widget\" data-widget_type=\"text-editor.default\">\n\t\t\t\t\t\t\t\t\t<p>Une nouvelle g\u00e9n\u00e9ration plus compacte de Commodore Amiga appara\u00eet, et un nouveau protocole de communication d\u2019\u00e9clairage na\u00eet : le DMX512.<br \/>Nous d\u00e9veloppons notre premi\u00e8re interface compacte port parall\u00e8le vers DMX512.<\/p>\t\t\t\t\t\t\t\t<\/div>\n\t\t\t\t<\/div>\n\t\t\t\t<\/div>\n\t\t\t\t<\/div>\n\t\t\t\t\t<\/div>\n\t\t\t\t<\/div>\n\t\t<div class=\"elementor-element elementor-element-9fccd5e e-flex e-con-boxed e-con e-parent\" data-id=\"9fccd5e\" data-element_type=\"container\" data-e-type=\"container\">\n\t\t\t\t\t<div class=\"e-con-inner\">\n\t\t<div class=\"elementor-element elementor-element-e582549 e-con-full e-flex e-con e-child\" data-id=\"e582549\" data-element_type=\"container\" data-e-type=\"container\">\n\t\t<div class=\"elementor-element elementor-element-5a7bfe8 e-con-full e-flex e-con e-child\" data-id=\"5a7bfe8\" data-element_type=\"container\" data-e-type=\"container\">\n\t\t<div class=\"elementor-element elementor-element-877e395 e-con-full e-flex e-con e-child\" data-id=\"877e395\" data-element_type=\"container\" data-e-type=\"container\">\n\t\t\t\t<div class=\"elementor-element elementor-element-f47da64 elementor-widget elementor-widget-heading\" data-id=\"f47da64\" data-element_type=\"widget\" data-e-type=\"widget\" data-widget_type=\"heading.default\">\n\t\t\t\t\t<h2 class=\"elementor-heading-title elementor-size-default\">2000 - Windows<\/h2>\t\t\t\t<\/div>\n\t\t\t\t<div class=\"elementor-element elementor-element-d7a7b47 elementor-widget elementor-widget-text-editor\" data-id=\"d7a7b47\" data-element_type=\"widget\" data-e-type=\"widget\" data-widget_type=\"text-editor.default\">\n\t\t\t\t\t\t\t\t\t<p>Microsoft Windows devient de plus en plus dominant, tandis que le Commodore Amiga dispara\u00eet du march\u00e9.<br \/>Nous publions notre premier logiciel de contr\u00f4le d\u2019\u00e9clairage Windows 98, et d\u00e9veloppons en parall\u00e8le une interface port s\u00e9rie vers DMX avec capacit\u00e9 autonome - permettant pour la premi\u00e8re fois \u00e0 un spectacle lumineux programm\u00e9 sur PC de fonctionner sans ordinateur.<\/p>\t\t\t\t\t\t\t\t<\/div>\n\t\t\t\t<\/div>\n\t\t\t\t<\/div>\n\t\t<div class=\"elementor-element elementor-element-0b4d766 e-con-full e-flex e-con e-child\" data-id=\"0b4d766\" data-element_type=\"container\" data-e-type=\"container\">\n\t\t\t\t<div class=\"elementor-element elementor-element-f12012a elementor-widget elementor-widget-image\" data-id=\"f12012a\" data-element_type=\"widget\" data-e-type=\"widget\" data-widget_type=\"image.default\">\n\t\t\t\t\t\t\t\t\t\t\t\t\t\t\t<img decoding=\"async\" width=\"200\" height=\"200\" src=\"https:\/\/sweetlight-controller.com\/wp-content\/uploads\/2025\/12\/history_2000.png\" class=\"attachment-medium size-medium wp-image-4045\" alt=\"\" srcset=\"https:\/\/sweetlight-controller.com\/wp-content\/uploads\/2025\/12\/history_2000.png 200w, https:\/\/sweetlight-controller.com\/wp-content\/uploads\/2025\/12\/history_2000-150x150.png 150w, https:\/\/sweetlight-controller.com\/wp-content\/uploads\/2025\/12\/history_2000-100x100.png 100w\" sizes=\"(max-width: 200px) 100vw, 200px\" \/>\t\t\t\t\t\t\t\t\t\t\t\t\t\t\t<\/div>\n\t\t\t\t<\/div>\n\t\t\t\t<\/div>\n\t\t\t\t\t<\/div>\n\t\t\t\t<\/div>\n\t\t<div class=\"elementor-element elementor-element-719f992 e-flex e-con-boxed e-con e-parent\" data-id=\"719f992\" data-element_type=\"container\" data-e-type=\"container\" data-settings=\"{&quot;background_background&quot;:&quot;classic&quot;}\">\n\t\t\t\t\t<div class=\"e-con-inner\">\n\t\t<div class=\"elementor-element elementor-element-c945175 e-con-full reverse-portrait e-flex e-con e-child\" data-id=\"c945175\" data-element_type=\"container\" data-e-type=\"container\" data-settings=\"{&quot;background_background&quot;:&quot;classic&quot;}\">\n\t\t<div class=\"elementor-element elementor-element-439e50e e-con-full e-flex e-con e-child\" data-id=\"439e50e\" data-element_type=\"container\" data-e-type=\"container\">\n\t\t\t\t<div class=\"elementor-element elementor-element-67e8d64 elementor-widget elementor-widget-image\" data-id=\"67e8d64\" data-element_type=\"widget\" data-e-type=\"widget\" data-widget_type=\"image.default\">\n\t\t\t\t\t\t\t\t\t\t\t\t\t\t\t<img loading=\"lazy\" decoding=\"async\" width=\"200\" height=\"200\" src=\"https:\/\/sweetlight-controller.com\/wp-content\/uploads\/2025\/12\/history_2005.png\" class=\"attachment-medium size-medium wp-image-4046\" alt=\"\" srcset=\"https:\/\/sweetlight-controller.com\/wp-content\/uploads\/2025\/12\/history_2005.png 200w, https:\/\/sweetlight-controller.com\/wp-content\/uploads\/2025\/12\/history_2005-150x150.png 150w, https:\/\/sweetlight-controller.com\/wp-content\/uploads\/2025\/12\/history_2005-100x100.png 100w\" sizes=\"(max-width: 200px) 100vw, 200px\" \/>\t\t\t\t\t\t\t\t\t\t\t\t\t\t\t<\/div>\n\t\t\t\t<\/div>\n\t\t<div class=\"elementor-element elementor-element-74667d6 e-con-full e-flex e-con e-child\" data-id=\"74667d6\" data-element_type=\"container\" data-e-type=\"container\">\n\t\t<div class=\"elementor-element elementor-element-02d0304 e-con-full e-flex e-con e-child\" data-id=\"02d0304\" data-element_type=\"container\" data-e-type=\"container\">\n\t\t\t\t<div class=\"elementor-element elementor-element-e33ad56 elementor-widget elementor-widget-heading\" data-id=\"e33ad56\" data-element_type=\"widget\" data-e-type=\"widget\" data-widget_type=\"heading.default\">\n\t\t\t\t\t<h2 class=\"elementor-heading-title elementor-size-default\">2005 - USB<\/h2>\t\t\t\t<\/div>\n\t\t\t\t<div class=\"elementor-element elementor-element-043019a elementor-widget elementor-widget-text-editor\" data-id=\"043019a\" data-element_type=\"widget\" data-e-type=\"widget\" data-widget_type=\"text-editor.default\">\n\t\t\t\t\t\t\t\t\t<p>La technologie USB devient fiable gr\u00e2ce \u00e0 Windows XP.<br \/>Nous sortons notre premi\u00e8re interface USB vers DMX, la d\u00e9sormais c\u00e9l\u00e8bre SweetBox.<\/p>\t\t\t\t\t\t\t\t<\/div>\n\t\t\t\t<\/div>\n\t\t\t\t<\/div>\n\t\t\t\t<\/div>\n\t\t\t\t\t<\/div>\n\t\t\t\t<\/div>\n\t\t<div class=\"elementor-element elementor-element-11d1b14 e-flex e-con-boxed e-con e-parent\" data-id=\"11d1b14\" data-element_type=\"container\" data-e-type=\"container\">\n\t\t\t\t\t<div class=\"e-con-inner\">\n\t\t<div class=\"elementor-element elementor-element-671abc3 e-con-full e-flex e-con e-child\" data-id=\"671abc3\" data-element_type=\"container\" data-e-type=\"container\">\n\t\t<div class=\"elementor-element elementor-element-fd1f1cc e-con-full e-flex e-con e-child\" data-id=\"fd1f1cc\" data-element_type=\"container\" data-e-type=\"container\">\n\t\t<div class=\"elementor-element elementor-element-7cfdd86 e-con-full e-flex e-con e-child\" data-id=\"7cfdd86\" data-element_type=\"container\" data-e-type=\"container\">\n\t\t\t\t<div class=\"elementor-element elementor-element-19bd74f elementor-widget elementor-widget-heading\" data-id=\"19bd74f\" data-element_type=\"widget\" data-e-type=\"widget\" data-widget_type=\"heading.default\">\n\t\t\t\t\t<h2 class=\"elementor-heading-title elementor-size-default\">2009 - Macbook<\/h2>\t\t\t\t<\/div>\n\t\t\t\t<div class=\"elementor-element elementor-element-aa5f907 elementor-widget elementor-widget-text-editor\" data-id=\"aa5f907\" data-element_type=\"widget\" data-e-type=\"widget\" data-widget_type=\"text-editor.default\">\n\t\t\t\t\t\t\t\t\t<p>Les temps changent \u00e0 nouveau. Apple revient en force avec les MacBooks \"Intel\", utilisant les m\u00eames processeurs que les PC Windows.<br \/>Nous introduisons notre premier logiciel d\u2019\u00e9clairage multi-plateforme, compatible avec Windows et macOS.<\/p>\t\t\t\t\t\t\t\t<\/div>\n\t\t\t\t<\/div>\n\t\t\t\t<\/div>\n\t\t<div class=\"elementor-element elementor-element-0b1202c e-con-full e-flex e-con e-child\" data-id=\"0b1202c\" data-element_type=\"container\" data-e-type=\"container\">\n\t\t\t\t<div class=\"elementor-element elementor-element-1df143e elementor-widget elementor-widget-image\" data-id=\"1df143e\" data-element_type=\"widget\" data-e-type=\"widget\" data-widget_type=\"image.default\">\n\t\t\t\t\t\t\t\t\t\t\t\t\t\t\t<img loading=\"lazy\" decoding=\"async\" width=\"200\" height=\"200\" src=\"https:\/\/sweetlight-controller.com\/wp-content\/uploads\/2025\/12\/history_2009.png\" class=\"attachment-medium size-medium wp-image-4047\" alt=\"\" srcset=\"https:\/\/sweetlight-controller.com\/wp-content\/uploads\/2025\/12\/history_2009.png 200w, https:\/\/sweetlight-controller.com\/wp-content\/uploads\/2025\/12\/history_2009-150x150.png 150w, https:\/\/sweetlight-controller.com\/wp-content\/uploads\/2025\/12\/history_2009-100x100.png 100w\" sizes=\"(max-width: 200px) 100vw, 200px\" \/>\t\t\t\t\t\t\t\t\t\t\t\t\t\t\t<\/div>\n\t\t\t\t<\/div>\n\t\t\t\t<\/div>\n\t\t\t\t\t<\/div>\n\t\t\t\t<\/div>\n\t\t<div class=\"elementor-element elementor-element-01b0cf0 e-flex e-con-boxed e-con e-parent\" data-id=\"01b0cf0\" data-element_type=\"container\" data-e-type=\"container\">\n\t\t\t\t\t<div class=\"e-con-inner\">\n\t\t<div class=\"elementor-element elementor-element-3cc8c05 e-con-full reverse-portrait e-flex e-con e-child\" data-id=\"3cc8c05\" data-element_type=\"container\" data-e-type=\"container\" data-settings=\"{&quot;background_background&quot;:&quot;classic&quot;}\">\n\t\t<div class=\"elementor-element elementor-element-be14abd e-con-full e-flex e-con e-child\" data-id=\"be14abd\" data-element_type=\"container\" data-e-type=\"container\">\n\t\t\t\t<div class=\"elementor-element elementor-element-4e7e290 elementor-widget elementor-widget-image\" data-id=\"4e7e290\" data-element_type=\"widget\" data-e-type=\"widget\" data-widget_type=\"image.default\">\n\t\t\t\t\t\t\t\t\t\t\t\t\t\t\t<img loading=\"lazy\" decoding=\"async\" width=\"200\" height=\"200\" src=\"https:\/\/sweetlight-controller.com\/wp-content\/uploads\/2025\/12\/history_2016.png\" class=\"attachment-medium size-medium wp-image-4048\" alt=\"\" srcset=\"https:\/\/sweetlight-controller.com\/wp-content\/uploads\/2025\/12\/history_2016.png 200w, https:\/\/sweetlight-controller.com\/wp-content\/uploads\/2025\/12\/history_2016-150x150.png 150w, https:\/\/sweetlight-controller.com\/wp-content\/uploads\/2025\/12\/history_2016-100x100.png 100w\" sizes=\"(max-width: 200px) 100vw, 200px\" \/>\t\t\t\t\t\t\t\t\t\t\t\t\t\t\t<\/div>\n\t\t\t\t<\/div>\n\t\t<div class=\"elementor-element elementor-element-01c2b42 e-con-full e-flex e-con e-child\" data-id=\"01c2b42\" data-element_type=\"container\" data-e-type=\"container\">\n\t\t<div class=\"elementor-element elementor-element-324a64d e-con-full e-flex e-con e-child\" data-id=\"324a64d\" data-element_type=\"container\" data-e-type=\"container\">\n\t\t\t\t<div class=\"elementor-element elementor-element-bf71907 elementor-widget elementor-widget-heading\" data-id=\"bf71907\" data-element_type=\"widget\" data-e-type=\"widget\" data-widget_type=\"heading.default\">\n\t\t\t\t\t<h2 class=\"elementor-heading-title elementor-size-default\">2016 - Ethernet<\/h2>\t\t\t\t<\/div>\n\t\t\t\t<div class=\"elementor-element elementor-element-2538392 elementor-widget elementor-widget-text-editor\" data-id=\"2538392\" data-element_type=\"widget\" data-e-type=\"widget\" data-widget_type=\"text-editor.default\">\n\t\t\t\t\t\t\t\t\t<p>Les appareils bas\u00e9s sur IP sont partout, et Ethernet devient standard.<br \/>Nous lan\u00e7ons une interface Ethernet vers DMX autonome avec un serveur web int\u00e9gr\u00e9.<br \/>Pour la premi\u00e8re fois, vous pouvez contr\u00f4ler votre spectacle lumineux depuis votre smartphone, de n\u2019importe o\u00f9, sans ordinateur.<\/p>\t\t\t\t\t\t\t\t<\/div>\n\t\t\t\t<\/div>\n\t\t\t\t<\/div>\n\t\t\t\t<\/div>\n\t\t\t\t\t<\/div>\n\t\t\t\t<\/div>\n\t\t<div class=\"elementor-element elementor-element-ee448d3 e-flex e-con-boxed e-con e-parent\" data-id=\"ee448d3\" data-element_type=\"container\" data-e-type=\"container\">\n\t\t\t\t\t<div class=\"e-con-inner\">\n\t\t<div class=\"elementor-element elementor-element-81f492d e-con-full e-flex e-con e-child\" data-id=\"81f492d\" data-element_type=\"container\" data-e-type=\"container\">\n\t\t<div class=\"elementor-element elementor-element-f43fa8a e-con-full e-flex e-con e-child\" data-id=\"f43fa8a\" data-element_type=\"container\" data-e-type=\"container\">\n\t\t<div class=\"elementor-element elementor-element-eae3dec e-con-full e-flex e-con e-child\" data-id=\"eae3dec\" data-element_type=\"container\" data-e-type=\"container\">\n\t\t\t\t<div class=\"elementor-element elementor-element-666d990 elementor-widget elementor-widget-heading\" data-id=\"666d990\" data-element_type=\"widget\" data-e-type=\"widget\" data-widget_type=\"heading.default\">\n\t\t\t\t\t<h2 class=\"elementor-heading-title elementor-size-default\">2025 - Android et iOS<\/h2>\t\t\t\t<\/div>\n\t\t\t\t<div class=\"elementor-element elementor-element-e0a9cfc elementor-widget elementor-widget-text-editor\" data-id=\"e0a9cfc\" data-element_type=\"widget\" data-e-type=\"widget\" data-widget_type=\"text-editor.default\">\n\t\t\t\t\t\t\t\t\t<p>Aujourd\u2019hui, nous contr\u00f4lons tout depuis nos smartphones.<br \/>Notre nouveau logiciel V_II fonctionne sur Windows, macOS, Linux, Raspberry Pi, Android et iOS.<br \/>Notre derni\u00e8re interface fonctionne \u00e0 la fois en USB vers DMX et en WiFi vers DMX.<br \/>Une application d\u00e9di\u00e9e Android et iOS vous permet \u00e9galement de g\u00e9rer le lightshow stock\u00e9 dans l&#039;interface.<\/p>\t\t\t\t\t\t\t\t<\/div>\n\t\t\t\t<\/div>\n\t\t\t\t<\/div>\n\t\t<div class=\"elementor-element elementor-element-f579003 e-con-full e-flex e-con e-child\" data-id=\"f579003\" data-element_type=\"container\" data-e-type=\"container\">\n\t\t\t\t<div class=\"elementor-element elementor-element-47dbcb1 elementor-widget elementor-widget-image\" data-id=\"47dbcb1\" data-element_type=\"widget\" data-e-type=\"widget\" data-widget_type=\"image.default\">\n\t\t\t\t\t\t\t\t\t\t\t\t\t\t\t<img loading=\"lazy\" decoding=\"async\" width=\"200\" height=\"200\" src=\"https:\/\/sweetlight-controller.com\/wp-content\/uploads\/2025\/12\/history_2025.png\" class=\"attachment-medium size-medium wp-image-4049\" alt=\"\" srcset=\"https:\/\/sweetlight-controller.com\/wp-content\/uploads\/2025\/12\/history_2025.png 200w, https:\/\/sweetlight-controller.com\/wp-content\/uploads\/2025\/12\/history_2025-150x150.png 150w, https:\/\/sweetlight-controller.com\/wp-content\/uploads\/2025\/12\/history_2025-100x100.png 100w\" sizes=\"(max-width: 200px) 100vw, 200px\" \/>\t\t\t\t\t\t\t\t\t\t\t\t\t\t\t<\/div>\n\t\t\t\t<\/div>\n\t\t\t\t<\/div>\n\t\t\t\t\t<\/div>\n\t\t\t\t<\/div>\n\t\t<div class=\"elementor-element elementor-element-151b3a8 e-flex e-con-boxed e-con e-parent\" data-id=\"151b3a8\" data-element_type=\"container\" data-e-type=\"container\">\n\t\t\t\t\t<div class=\"e-con-inner\">\n\t\t\t\t<div class=\"elementor-element elementor-element-2799e90 elementor-widget elementor-widget-spacer\" data-id=\"2799e90\" data-element_type=\"widget\" data-e-type=\"widget\" data-widget_type=\"spacer.default\">\n\t\t\t\t\t\t\t<div class=\"elementor-spacer\">\n\t\t\t<div class=\"elementor-spacer-inner\"><\/div>\n\t\t<\/div>\n\t\t\t\t\t\t<\/div>\n\t\t\t\t\t<\/div>\n\t\t\t\t<\/div>\n\t\t\t\t<\/div>","protected":false},"excerpt":{"rendered":"<p>SweetLight History We were students with a small collection of lighting and sound equipment, and we started organizing wedding parties to earn some money. Our real passion, however, was computer programming and electronic design. 1989 &#8211; 0 to 10 Volts The first multitasking computer arrives &#8211; the Commodore Amiga, capable of true multitasking with only [&hellip;]<\/p>\n","protected":false},"author":1,"featured_media":0,"parent":0,"menu_order":0,"comment_status":"closed","ping_status":"closed","template":"","meta":{"footnotes":""},"class_list":["post-1114","page","type-page","status-publish","hentry"],"_links":{"self":[{"href":"https:\/\/sweetlight-controller.com\/fr\/wp-json\/wp\/v2\/pages\/1114","targetHints":{"allow":["GET"]}}],"collection":[{"href":"https:\/\/sweetlight-controller.com\/fr\/wp-json\/wp\/v2\/pages"}],"about":[{"href":"https:\/\/sweetlight-controller.com\/fr\/wp-json\/wp\/v2\/types\/page"}],"author":[{"embeddable":true,"href":"https:\/\/sweetlight-controller.com\/fr\/wp-json\/wp\/v2\/users\/1"}],"replies":[{"embeddable":true,"href":"https:\/\/sweetlight-controller.com\/fr\/wp-json\/wp\/v2\/comments?post=1114"}],"version-history":[{"count":214,"href":"https:\/\/sweetlight-controller.com\/fr\/wp-json\/wp\/v2\/pages\/1114\/revisions"}],"predecessor-version":[{"id":8739,"href":"https:\/\/sweetlight-controller.com\/fr\/wp-json\/wp\/v2\/pages\/1114\/revisions\/8739"}],"wp:attachment":[{"href":"https:\/\/sweetlight-controller.com\/fr\/wp-json\/wp\/v2\/media?parent=1114"}],"curies":[{"name":"wp","href":"https:\/\/api.w.org\/{rel}","templated":true}]}}