{"id":8428,"date":"2026-02-06T18:08:23","date_gmt":"2026-02-06T17:08:23","guid":{"rendered":"https:\/\/sweetlight-controller.com\/refund_returns\/"},"modified":"2026-02-06T18:08:23","modified_gmt":"2026-02-06T17:08:23","slug":"refund_returns","status":"publish","type":"page","link":"https:\/\/sweetlight-controller.com\/de\/refund_returns\/","title":{"rendered":"R\u00fcckerstattungs- und R\u00fcckgabebestimmungen"},"content":{"rendered":"<p><b>Dies ist eine Beispielseite.<\/b><\/p>\n\n\n\n<h2 class=\"wp-block-heading\">\u00dcberblick<\/h2>\n\n\n\n<p>Unsere R\u00fcckgabe- und Erstattungsrichtlinie gilt 30 Tage. Nach Ablauf dieser Frist k\u00f6nnen wir Ihnen keine vollst\u00e4ndige R\u00fcckerstattung oder einen Umtausch mehr anbieten.<\/p>\n\n\n\n<p>Um f\u00fcr eine R\u00fcckgabe berechtigt zu sein, muss der Artikel unbenutzt und im selben Zustand sein, in dem Sie ihn erhalten haben. Er muss sich au\u00dferdem in der Originalverpackung befinden.<\/p>\n\n\n\n<p>Bestimmte Waren sind vom Umtausch ausgeschlossen. Verderbliche Waren wie Lebensmittel, Blumen, Zeitungen oder Zeitschriften k\u00f6nnen nicht zur\u00fcckgegeben werden. Ebenso werden keine Hygieneartikel, Gefahrstoffe oder entz\u00fcndbare Fl\u00fcssigkeiten oder Gase zur\u00fcckgenommen.<\/p>\n\n\n\n<p>Weitere Artikel, die nicht zur\u00fcckgegeben werden k\u00f6nnen:<\/p>\n\n\n\n<ul class=\"wp-block-list\">\n<li>Geschenkgutscheine<\/li>\n<li>Herunterladbare Softwareprodukte<\/li>\n<li>Einige Gesundheits- und K\u00f6rperpflegeartikel<\/li>\n<\/ul>\n\n\n\n<p>Um Ihre R\u00fccksendung abzuschlie\u00dfen, ben\u00f6tigen wir einen Kaufbeleg.<\/p>\n\n\n\n<p>Bitte senden Sie Ihre Bestellung nicht an den Hersteller zur\u00fcck.<\/p>\n\n\n\n<p>Es gibt bestimmte Situationen, in denen nur Teilerstattungen gew\u00e4hrt werden:<\/p>\n\n\n\n<ul class=\"wp-block-list\">\n<li>Buch mit deutlichen Gebrauchsspuren<\/li>\n<li>Eine ge\u00f6ffnete CD, DVD, VHS-Kassette, Software, ein Videospiel, eine Musikkassette oder eine Schallplatte.<\/li>\n<li>Jeder Artikel, der sich nicht im Originalzustand befindet, besch\u00e4digt ist oder Teile fehlen, die nicht auf unser Verschulden zur\u00fcckzuf\u00fchren sind.<\/li>\n<li>Artikel, die mehr als 30 Tage nach Lieferung zur\u00fcckgesendet werden, fallen unter diese Bedingungen.<\/li>\n<\/ul>\n\n\n\n<h2 class=\"wp-block-heading\">R\u00fcckerstattungen<\/h2>\n\n\n\n<p>Sobald Ihre R\u00fccksendung bei uns eingegangen und gepr\u00fcft ist, erhalten Sie eine E-Mail-Benachrichtigung. Wir informieren Sie darin auch \u00fcber die Genehmigung oder Ablehnung Ihrer R\u00fcckerstattung.<\/p>\n\n\n\n<p>Wenn Ihr Antrag genehmigt wird, wird Ihre R\u00fcckerstattung bearbeitet und Ihrem Konto (Kreditkarte oder urspr\u00fcngliche Zahlungsmethode) innerhalb einer bestimmten Anzahl von Tagen automatisch gutgeschrieben.<\/p>\n\n\n\n<h3 class=\"wp-block-heading\">Versp\u00e4tete oder fehlende R\u00fcckerstattungen<\/h3>\n\n\n\n<p>Falls Sie noch keine R\u00fcckerstattung erhalten haben, \u00fcberpr\u00fcfen Sie bitte zun\u00e4chst erneut Ihr Bankkonto.<\/p>\n\n\n\n<p>Wenden Sie sich anschlie\u00dfend an Ihr Kreditkartenunternehmen (company). Es kann einige Zeit dauern, bis Ihre R\u00fcckerstattung offiziell verbucht wird.<\/p>\n\n\n\n<p>Kontaktieren Sie anschlie\u00dfend Ihre Bank. Es kann einige Zeit dauern, bis eine R\u00fcckerstattung verbucht wird.<\/p>\n\n\n\n<p>Falls Sie all dies getan haben und Ihre R\u00fcckerstattung immer noch nicht erhalten haben, kontaktieren Sie uns bitte unter {email address}.<\/p>\n\n\n\n<h3 class=\"wp-block-heading\">Sonderangebote<\/h3>\n\n\n\n<p>Nur Artikel zum regul\u00e4ren Preis k\u00f6nnen erstattet werden. Reduzierte Artikel sind von der R\u00fcckerstattung ausgeschlossen.<\/p>\n\n\n\n<h2 class=\"wp-block-heading\">B\u00f6rsen<\/h2>\n\n\n\n<p>Wir ersetzen Artikel nur, wenn sie defekt oder besch\u00e4digt sind. Falls Sie einen Umtausch gegen denselben Artikel w\u00fcnschen, senden Sie uns bitte eine E-Mail an {E-Mail-Adresse} und schicken Sie den Artikel an folgende Adresse: {Adresse}.<\/p>\n\n\n\n<h2 class=\"wp-block-heading\">Geschenke<\/h2>\n\n\n\n<p>Wenn der Artikel beim Kauf als Geschenk gekennzeichnet und direkt an Sie versandt wurde, erhalten Sie eine Gutschrift in H\u00f6he des Warenwerts. Sobald der zur\u00fcckgesendete Artikel bei uns eingegangen ist, wird Ihnen ein Geschenkgutschein per Post zugesandt.<\/p>\n\n\n\n<p>Wenn der Artikel beim Kauf nicht als Geschenk gekennzeichnet war oder der Schenkende die Bestellung an sich selbst liefern lie\u00df, um sie Ihnen sp\u00e4ter zu \u00fcberreichen, erstatten wir den Kaufpreis an den Schenkenden zur\u00fcck, und dieser wird von Ihrer R\u00fccksendung erfahren.<\/p>\n\n\n\n<h2 class=\"wp-block-heading\">R\u00fccksendungen<\/h2>\n\n\n\n<p>Um Ihr Produkt zur\u00fcckzusenden, senden Sie es bitte an folgende Adresse: {physische Adresse}.<\/p>\n\n\n\n<p>Sie tragen die Kosten f\u00fcr den R\u00fcckversand Ihres Artikels. Versandkosten werden nicht erstattet. Im Falle einer R\u00fcckerstattung werden die Kosten f\u00fcr den R\u00fcckversand von Ihrem Erstattungsbetrag abgezogen.<\/p>\n\n\n\n<p>Je nachdem, wo Sie wohnen, kann die Lieferzeit f\u00fcr Ihr umgetauschtes Produkt variieren.<\/p>\n\n\n\n<p>Bei R\u00fccksendungen teurerer Artikel empfehlen wir Ihnen, einen Versand mit Sendungsverfolgung oder eine Transportversicherung abzuschlie\u00dfen. Wir \u00fcbernehmen keine Garantie f\u00fcr den Erhalt Ihrer R\u00fccksendung.<\/p>\n\n\n\n<h2 class=\"wp-block-heading\">Brauchen Sie Hilfe?<\/h2>\n\n\n\n<p>Bei Fragen zu R\u00fcckerstattungen und R\u00fccksendungen kontaktieren Sie uns bitte unter {email}.<\/p>","protected":false},"excerpt":{"rendered":"<p>This is a sample page. Overview Our refund and returns policy lasts 30 days. If 30 days have passed since your purchase, we can\u2019t offer you a full refund or exchange. To be eligible for a return, your item must be unused and in the same condition that you received it. It must also be [&hellip;]<\/p>\n","protected":false},"author":1,"featured_media":0,"parent":0,"menu_order":0,"comment_status":"closed","ping_status":"closed","template":"","meta":{"footnotes":""},"class_list":["post-8428","page","type-page","status-publish","hentry"],"_links":{"self":[{"href":"https:\/\/sweetlight-controller.com\/de\/wp-json\/wp\/v2\/pages\/8428","targetHints":{"allow":["GET"]}}],"collection":[{"href":"https:\/\/sweetlight-controller.com\/de\/wp-json\/wp\/v2\/pages"}],"about":[{"href":"https:\/\/sweetlight-controller.com\/de\/wp-json\/wp\/v2\/types\/page"}],"author":[{"embeddable":true,"href":"https:\/\/sweetlight-controller.com\/de\/wp-json\/wp\/v2\/users\/1"}],"replies":[{"embeddable":true,"href":"https:\/\/sweetlight-controller.com\/de\/wp-json\/wp\/v2\/comments?post=8428"}],"version-history":[{"count":0,"href":"https:\/\/sweetlight-controller.com\/de\/wp-json\/wp\/v2\/pages\/8428\/revisions"}],"wp:attachment":[{"href":"https:\/\/sweetlight-controller.com\/de\/wp-json\/wp\/v2\/media?parent=8428"}],"curies":[{"name":"wp","href":"https:\/\/api.w.org\/{rel}","templated":true}]}}